{"id":530,"date":"2018-04-12T15:19:14","date_gmt":"2018-04-12T19:19:14","guid":{"rendered":"https:\/\/trustedveal.com\/engagements\/tradition\/"},"modified":"2022-12-14T16:43:19","modified_gmt":"2022-12-14T21:43:19","slug":"tradition","status":"publish","type":"page","link":"https:\/\/trustedveal.com\/fr\/engagements\/tradition\/","title":{"rendered":"Tradition"},"content":{"rendered":"<div class=\"wpb-content-wrapper\"><p>[vc_row css_animation=\u00a0\u00bb\u00a0\u00bb row_type=\u00a0\u00bbrow\u00a0\u00bb use_row_as_full_screen_section=\u00a0\u00bbno\u00a0\u00bb type=\u00a0\u00bbgrid\u00a0\u00bb angled_section=\u00a0\u00bbno\u00a0\u00bb text_align=\u00a0\u00bbcenter\u00a0\u00bb background_image_as_pattern=\u00a0\u00bbwithout_pattern\u00a0\u00bb css=\u00a0\u00bb.vc_custom_1457099274263{padding-top: 91px !important;padding-bottom: 40px !important;}\u00a0\u00bb][vc_column offset=\u00a0\u00bbvc_col-lg-offset-0 vc_col-lg-6 vc_col-md-offset-2 vc_col-md-8 vc_col-sm-offset-0&Prime;][vc_column_text]<\/p>\n<h2>Une tradition europ\u00e9enne<\/h2>\n<p>[\/vc_column_text][vc_separator type=\u00a0\u00bbsmall\u00a0\u00bb position=\u00a0\u00bbcenter\u00a0\u00bb][vc_single_image image=\u00a0\u00bb454&Prime; img_size=\u00a0\u00bbfull\u00a0\u00bb alignment=\u00a0\u00bbcenter\u00a0\u00bb qode_css_animation=\u00a0\u00bb\u00a0\u00bb el_class=\u00a0\u00bbmobile_only\u00a0\u00bb][vc_column_text]<\/p>\n<h4 style=\"text-align: center;\">Avec son climat doux et ses prairies luxuriantes, l\u2019Europe poss\u00e8de une longue histoire de production laiti\u00e8re.<\/h4>\n<p>[\/vc_column_text][vc_separator type=\u00a0\u00bbtransparent\u00a0\u00bb up=\u00a0\u00bb21&Prime; down=\u00a0\u00bb0&Prime;][vc_column_text]<\/p>\n<p style=\"text-align: center;\">La viande de veau de lait est apparue en Europe dans les ann\u00e9es 1950. La production \u00e0 grande \u00e9chelle de lait, de beurre et de fromage a laiss\u00e9 aux producteurs laitiers un \u00e9norme exc\u00e9dent de jeunes veaux m\u00e2les, de petit-lait et de lait \u00e9cr\u00e9m\u00e9. Lorsque ces sous-produits \u00e9taient donn\u00e9s aux veaux m\u00e2les, la viande de veau produite \u00e9tait de couleur claire, tendre et facile \u00e0 dig\u00e9rer. Le veau est devenu si populaire dans les plats traditionnels europ\u00e9ens comme osso buco, saltimbocca, blanquette de veau et ris de veau que l&rsquo;Union europ\u00e9enne a introduit une l\u00e9gislation visant \u00e0 restreindre l&rsquo;utilisation du terme \u00ab veau \u00bb.<\/p>\n<p>[\/vc_column_text][vc_separator type=\u00a0\u00bbtransparent\u00a0\u00bb up=\u00a0\u00bb50&Prime; down=\u00a0\u00bb0&Prime;][\/vc_column][vc_column offset=\u00a0\u00bbvc_col-lg-offset-0 vc_col-lg-6 vc_col-md-offset-2 vc_col-md-8 vc_col-sm-offset-0&Prime; el_class=\u00a0\u00bbdesktop_only\u00a0\u00bb][vc_separator type=\u00a0\u00bbtransparent\u00a0\u00bb up=\u00a0\u00bb7&Prime; down=\u00a0\u00bb0&Prime;][vc_single_image image=\u00a0\u00bb454&Prime; img_size=\u00a0\u00bbfull\u00a0\u00bb alignment=\u00a0\u00bbcenter\u00a0\u00bb qode_css_animation=\u00a0\u00bb\u00a0\u00bb][vc_separator type=\u00a0\u00bbtransparent\u00a0\u00bb up=\u00a0\u00bb59&Prime; down=\u00a0\u00bb0&Prime;][\/vc_column][\/vc_row][vc_row css_animation=\u00a0\u00bb\u00a0\u00bb row_type=\u00a0\u00bbrow\u00a0\u00bb use_row_as_full_screen_section=\u00a0\u00bbno\u00a0\u00bb type=\u00a0\u00bbgrid\u00a0\u00bb angled_section=\u00a0\u00bbno\u00a0\u00bb text_align=\u00a0\u00bbcenter\u00a0\u00bb background_image_as_pattern=\u00a0\u00bbwithout_pattern\u00a0\u00bb background_color=\u00a0\u00bb#f5f5f5&Prime; css=\u00a0\u00bb.vc_custom_1457100381575{padding-top: 91px !important;padding-bottom: 90px !important;}\u00a0\u00bb][vc_column offset=\u00a0\u00bbvc_col-lg-offset-0 vc_col-lg-6 vc_col-md-offset-2 vc_col-md-8 vc_col-sm-offset-0&Prime; el_class=\u00a0\u00bbdesktop_only\u00a0\u00bb][vc_separator type=\u00a0\u00bbtransparent\u00a0\u00bb up=\u00a0\u00bb7&Prime; down=\u00a0\u00bb0&Prime;][vc_single_image image=\u00a0\u00bb479&Prime; img_size=\u00a0\u00bbfull\u00a0\u00bb alignment=\u00a0\u00bbcenter\u00a0\u00bb qode_css_animation=\u00a0\u00bb\u00a0\u00bb][vc_separator type=\u00a0\u00bbtransparent\u00a0\u00bb up=\u00a0\u00bb60&Prime; down=\u00a0\u00bb0&Prime;][\/vc_column][vc_column offset=\u00a0\u00bbvc_col-lg-offset-0 vc_col-lg-6 vc_col-md-offset-2 vc_col-md-8 vc_col-sm-offset-0&Prime;][vc_column_text]<\/p>\n<h2>Faire passer le mot<\/h2>\n<p>[\/vc_column_text][vc_separator type=\u00a0\u00bbsmall\u00a0\u00bb position=\u00a0\u00bbcenter\u00a0\u00bb][vc_single_image image=\u00a0\u00bb479&Prime; img_size=\u00a0\u00bbfull\u00a0\u00bb alignment=\u00a0\u00bbcenter\u00a0\u00bb qode_css_animation=\u00a0\u00bb\u00a0\u00bb el_class=\u00a0\u00bbmobile_only\u00a0\u00bb][vc_column_text]<\/p>\n<h4 style=\"text-align: center;\">La couleur claire du veau, sa consistance tendre et son go\u00fbt d\u00e9licat en font l\u2019une des viandes les plus appr\u00e9ci\u00e9es des chefs du monde entier.<\/h4>\n<p>[\/vc_column_text][vc_separator type=\u00a0\u00bbtransparent\u00a0\u00bb up=\u00a0\u00bb21&Prime; down=\u00a0\u00bb0&Prime;][vc_column_text]<\/p>\n<p style=\"text-align: center;\">Le veau europ\u00e9en est \u00e9tonnamment facile \u00e0 cuisiner, fait bonne impression \u00e0 tous les coups et est le plus sain des choix de viande rouge. Il est facile \u00e0 dig\u00e9rer, riche en prot\u00e9ines, pauvre en cholest\u00e9rol et riche en vitamines et min\u00e9raux, mais il est moins gras et calorique que le b\u0153uf, le porc et le poulet. Les coupes de veau sont souvent plac\u00e9es au centre de l\u2019assiette dans les plats traditionnels europ\u00e9ens comme l\u2019osso buco et le saltimbocca, mais elles peuvent \u00e9galement agr\u00e9menter les plats de tous les jours comme les salades ou les soupes.<\/p>\n<p>[\/vc_column_text][vc_separator type=\u00a0\u00bbtransparent\u00a0\u00bb up=\u00a0\u00bb60&Prime; down=\u00a0\u00bb0&Prime;]<a  itemprop=\"url\" href=\"\/fr\/recettes\/\" target=\"_self\"  class=\"qbutton  enlarge\" style=\"\">Apprendre \u00e0 cuisiner le veau<\/a>[vc_separator type=\u00a0\u00bbtransparent\u00a0\u00bb up=\u00a0\u00bb50&Prime; down=\u00a0\u00bb0&Prime;][\/vc_column][\/vc_row][vc_row css_animation=\u00a0\u00bb\u00a0\u00bb row_type=\u00a0\u00bbrow\u00a0\u00bb use_row_as_full_screen_section=\u00a0\u00bbno\u00a0\u00bb type=\u00a0\u00bbgrid\u00a0\u00bb angled_section=\u00a0\u00bbno\u00a0\u00bb text_align=\u00a0\u00bbcenter\u00a0\u00bb background_image_as_pattern=\u00a0\u00bbwithout_pattern\u00a0\u00bb z_index=\u00a0\u00bb\u00a0\u00bb][vc_column width=\u00a0\u00bb1\/4&Prime;][\/vc_column][vc_column width=\u00a0\u00bb2\/4&Prime;][vc_separator type=\u00a0\u00bbtransparent\u00a0\u00bb up=\u00a0\u00bb50&Prime; down=\u00a0\u00bb0&Prime;][vc_column_text]<\/p>\n<h2>\u00c0 propos de nous<\/h2>\n<p>[\/vc_column_text][vc_separator type=\u00a0\u00bbsmall\u00a0\u00bb position=\u00a0\u00bbcenter\u00a0\u00bb][vc_column_text]<\/p>\n<h4>D\u00e9couvrez comment la campagne \u00ab Veau de tradition europ\u00e9enne \u00bb vise \u00e0 faire conna\u00eetre le veau europ\u00e9en aux consommateurs de viande des \u00c9tats-Unis et du Canada.<\/h4>\n<p>N\u2019h\u00e9sitez pas \u00e0 nous contacter si vous avez des questions ou si vous souhaitez discuter des raisons pour lesquelles l\u2019attrait continental du veau europ\u00e9en repr\u00e9sente un ajout de haute qualit\u00e9, salubre et irr\u00e9sistible \u00e0 votre menu ou \u00e0 votre comptoir de viande.[\/vc_column_text][vc_separator type=\u00a0\u00bbtransparent\u00a0\u00bb up=\u00a0\u00bb50&Prime; down=\u00a0\u00bb0&Prime;]<a  itemprop=\"url\" href=\"\/fr\/nous-contacter\/\" target=\"_self\"  class=\"qbutton  default\" style=\"\">Contacter Veau de tradition europ\u00e9enne<\/a>[vc_separator type=\u00a0\u00bbtransparent\u00a0\u00bb up=\u00a0\u00bb50&Prime; down=\u00a0\u00bb0&Prime;][\/vc_column][vc_column width=\u00a0\u00bb1\/4&Prime;][\/vc_column][\/vc_row]<\/p>\n<\/div>","protected":false},"excerpt":{"rendered":"<p>[vc_row css_animation=\u00a0\u00bb\u00a0\u00bb row_type=\u00a0\u00bbrow\u00a0\u00bb use_row_as_full_screen_section=\u00a0\u00bbno\u00a0\u00bb type=\u00a0\u00bbgrid\u00a0\u00bb angled_section=\u00a0\u00bbno\u00a0\u00bb text_align=\u00a0\u00bbcenter\u00a0\u00bb background_image_as_pattern=\u00a0\u00bbwithout_pattern\u00a0\u00bb css=\u00a0\u00bb.vc_custom_1457099274263{padding-top: 91px !important;padding-bottom: 40px !important;}\u00a0\u00bb][vc_column offset=\u00a0\u00bbvc_col-lg-offset-0 vc_col-lg-6 vc_col-md-offset-2 vc_col-md-8 vc_col-sm-offset-0&Prime;][vc_column_text] Une tradition europ\u00e9enne [\/vc_column_text][vc_separator type=\u00a0\u00bbsmall\u00a0\u00bb position=\u00a0\u00bbcenter\u00a0\u00bb][vc_single_image image=\u00a0\u00bb454&Prime; img_size=\u00a0\u00bbfull\u00a0\u00bb alignment=\u00a0\u00bbcenter\u00a0\u00bb qode_css_animation=\u00a0\u00bb\u00a0\u00bb el_class=\u00a0\u00bbmobile_only\u00a0\u00bb][vc_column_text] Avec son climat doux et ses prairies luxuriantes, l\u2019Europe poss\u00e8de une longue histoire de production laiti\u00e8re&#8230;.<\/p>\n","protected":false},"author":3,"featured_media":0,"parent":521,"menu_order":3,"comment_status":"closed","ping_status":"closed","template":"full_width.php","meta":{"footnotes":""},"class_list":["post-530","page","type-page","status-publish","hentry"],"yoast_head":"<!-- This site is optimized with the Yoast SEO plugin v24.4 - https:\/\/yoast.com\/wordpress\/plugins\/seo\/ -->\n<title>Tradition - Veau de tradition europ\u00e9enne<\/title>\n<meta name=\"robots\" content=\"index, follow, max-snippet:-1, max-image-preview:large, max-video-preview:-1\" \/>\n<link rel=\"canonical\" href=\"https:\/\/trustedveal.com\/fr\/engagements\/tradition\/\" \/>\n<meta property=\"og:locale\" content=\"fr_FR\" \/>\n<meta property=\"og:type\" content=\"article\" \/>\n<meta property=\"og:title\" content=\"Tradition - Veau de tradition europ\u00e9enne\" \/>\n<meta property=\"og:description\" content=\"[vc_row css_animation=\u00a0\u00bb\u00a0\u00bb row_type=\u00a0\u00bbrow\u00a0\u00bb use_row_as_full_screen_section=\u00a0\u00bbno\u00a0\u00bb type=\u00a0\u00bbgrid\u00a0\u00bb angled_section=\u00a0\u00bbno\u00a0\u00bb text_align=\u00a0\u00bbcenter\u00a0\u00bb background_image_as_pattern=\u00a0\u00bbwithout_pattern\u00a0\u00bb css=\u00a0\u00bb.vc_custom_1457099274263{padding-top: 91px !important;padding-bottom: 40px !important;}\u00a0\u00bb][vc_column offset=\u00a0\u00bbvc_col-lg-offset-0 vc_col-lg-6 vc_col-md-offset-2 vc_col-md-8 vc_col-sm-offset-0&Prime;][vc_column_text] Une tradition europ\u00e9enne [\/vc_column_text][vc_separator type=\u00a0\u00bbsmall\u00a0\u00bb position=\u00a0\u00bbcenter\u00a0\u00bb][vc_single_image image=\u00a0\u00bb454&Prime; img_size=\u00a0\u00bbfull\u00a0\u00bb alignment=\u00a0\u00bbcenter\u00a0\u00bb qode_css_animation=\u00a0\u00bb\u00a0\u00bb el_class=\u00a0\u00bbmobile_only\u00a0\u00bb][vc_column_text] Avec son climat doux et ses prairies luxuriantes, l\u2019Europe poss\u00e8de une longue histoire de production laiti\u00e8re....\" \/>\n<meta property=\"og:url\" content=\"https:\/\/trustedveal.com\/fr\/engagements\/tradition\/\" \/>\n<meta property=\"og:site_name\" content=\"Veau de tradition europ\u00e9enne\" \/>\n<meta property=\"article:modified_time\" content=\"2022-12-14T21:43:19+00:00\" \/>\n<meta name=\"twitter:card\" content=\"summary_large_image\" \/>\n<meta name=\"twitter:label1\" content=\"Dur\u00e9e de lecture estim\u00e9e\" \/>\n\t<meta name=\"twitter:data1\" content=\"3 minutes\" \/>\n<script type=\"application\/ld+json\" class=\"yoast-schema-graph\">{\"@context\":\"https:\/\/schema.org\",\"@graph\":[{\"@type\":\"WebPage\",\"@id\":\"https:\/\/trustedveal.com\/fr\/engagements\/tradition\/\",\"url\":\"https:\/\/trustedveal.com\/fr\/engagements\/tradition\/\",\"name\":\"Tradition - Veau de tradition europ\u00e9enne\",\"isPartOf\":{\"@id\":\"https:\/\/trustedveal.com\/fr\/#website\"},\"datePublished\":\"2018-04-12T19:19:14+00:00\",\"dateModified\":\"2022-12-14T21:43:19+00:00\",\"breadcrumb\":{\"@id\":\"https:\/\/trustedveal.com\/fr\/engagements\/tradition\/#breadcrumb\"},\"inLanguage\":\"fr-FR\",\"potentialAction\":[{\"@type\":\"ReadAction\",\"target\":[\"https:\/\/trustedveal.com\/fr\/engagements\/tradition\/\"]}]},{\"@type\":\"BreadcrumbList\",\"@id\":\"https:\/\/trustedveal.com\/fr\/engagements\/tradition\/#breadcrumb\",\"itemListElement\":[{\"@type\":\"ListItem\",\"position\":1,\"name\":\"Home\",\"item\":\"https:\/\/trustedveal.com\/fr\/\"},{\"@type\":\"ListItem\",\"position\":2,\"name\":\"Engagements\",\"item\":\"https:\/\/trustedveal.com\/fr\/engagements\/\"},{\"@type\":\"ListItem\",\"position\":3,\"name\":\"Tradition\"}]},{\"@type\":\"WebSite\",\"@id\":\"https:\/\/trustedveal.com\/fr\/#website\",\"url\":\"https:\/\/trustedveal.com\/fr\/\",\"name\":\"Veau de tradition europ\u00e9enne\",\"description\":\"Saveurs de Hollande\",\"potentialAction\":[{\"@type\":\"SearchAction\",\"target\":{\"@type\":\"EntryPoint\",\"urlTemplate\":\"https:\/\/trustedveal.com\/fr\/?s={search_term_string}\"},\"query-input\":{\"@type\":\"PropertyValueSpecification\",\"valueRequired\":true,\"valueName\":\"search_term_string\"}}],\"inLanguage\":\"fr-FR\"}]}<\/script>\n<!-- \/ Yoast SEO plugin. -->","yoast_head_json":{"title":"Tradition - Veau de tradition europ\u00e9enne","robots":{"index":"index","follow":"follow","max-snippet":"max-snippet:-1","max-image-preview":"max-image-preview:large","max-video-preview":"max-video-preview:-1"},"canonical":"https:\/\/trustedveal.com\/fr\/engagements\/tradition\/","og_locale":"fr_FR","og_type":"article","og_title":"Tradition - Veau de tradition europ\u00e9enne","og_description":"[vc_row css_animation=\u00a0\u00bb\u00a0\u00bb row_type=\u00a0\u00bbrow\u00a0\u00bb use_row_as_full_screen_section=\u00a0\u00bbno\u00a0\u00bb type=\u00a0\u00bbgrid\u00a0\u00bb angled_section=\u00a0\u00bbno\u00a0\u00bb text_align=\u00a0\u00bbcenter\u00a0\u00bb background_image_as_pattern=\u00a0\u00bbwithout_pattern\u00a0\u00bb css=\u00a0\u00bb.vc_custom_1457099274263{padding-top: 91px !important;padding-bottom: 40px !important;}\u00a0\u00bb][vc_column offset=\u00a0\u00bbvc_col-lg-offset-0 vc_col-lg-6 vc_col-md-offset-2 vc_col-md-8 vc_col-sm-offset-0&Prime;][vc_column_text] Une tradition europ\u00e9enne [\/vc_column_text][vc_separator type=\u00a0\u00bbsmall\u00a0\u00bb position=\u00a0\u00bbcenter\u00a0\u00bb][vc_single_image image=\u00a0\u00bb454&Prime; img_size=\u00a0\u00bbfull\u00a0\u00bb alignment=\u00a0\u00bbcenter\u00a0\u00bb qode_css_animation=\u00a0\u00bb\u00a0\u00bb el_class=\u00a0\u00bbmobile_only\u00a0\u00bb][vc_column_text] Avec son climat doux et ses prairies luxuriantes, l\u2019Europe poss\u00e8de une longue histoire de production laiti\u00e8re....","og_url":"https:\/\/trustedveal.com\/fr\/engagements\/tradition\/","og_site_name":"Veau de tradition europ\u00e9enne","article_modified_time":"2022-12-14T21:43:19+00:00","twitter_card":"summary_large_image","twitter_misc":{"Dur\u00e9e de lecture estim\u00e9e":"3 minutes"},"schema":{"@context":"https:\/\/schema.org","@graph":[{"@type":"WebPage","@id":"https:\/\/trustedveal.com\/fr\/engagements\/tradition\/","url":"https:\/\/trustedveal.com\/fr\/engagements\/tradition\/","name":"Tradition - Veau de tradition europ\u00e9enne","isPartOf":{"@id":"https:\/\/trustedveal.com\/fr\/#website"},"datePublished":"2018-04-12T19:19:14+00:00","dateModified":"2022-12-14T21:43:19+00:00","breadcrumb":{"@id":"https:\/\/trustedveal.com\/fr\/engagements\/tradition\/#breadcrumb"},"inLanguage":"fr-FR","potentialAction":[{"@type":"ReadAction","target":["https:\/\/trustedveal.com\/fr\/engagements\/tradition\/"]}]},{"@type":"BreadcrumbList","@id":"https:\/\/trustedveal.com\/fr\/engagements\/tradition\/#breadcrumb","itemListElement":[{"@type":"ListItem","position":1,"name":"Home","item":"https:\/\/trustedveal.com\/fr\/"},{"@type":"ListItem","position":2,"name":"Engagements","item":"https:\/\/trustedveal.com\/fr\/engagements\/"},{"@type":"ListItem","position":3,"name":"Tradition"}]},{"@type":"WebSite","@id":"https:\/\/trustedveal.com\/fr\/#website","url":"https:\/\/trustedveal.com\/fr\/","name":"Veau de tradition europ\u00e9enne","description":"Saveurs de Hollande","potentialAction":[{"@type":"SearchAction","target":{"@type":"EntryPoint","urlTemplate":"https:\/\/trustedveal.com\/fr\/?s={search_term_string}"},"query-input":{"@type":"PropertyValueSpecification","valueRequired":true,"valueName":"search_term_string"}}],"inLanguage":"fr-FR"}]}},"_links":{"self":[{"href":"https:\/\/trustedveal.com\/fr\/wp-json\/wp\/v2\/pages\/530","targetHints":{"allow":["GET"]}}],"collection":[{"href":"https:\/\/trustedveal.com\/fr\/wp-json\/wp\/v2\/pages"}],"about":[{"href":"https:\/\/trustedveal.com\/fr\/wp-json\/wp\/v2\/types\/page"}],"author":[{"embeddable":true,"href":"https:\/\/trustedveal.com\/fr\/wp-json\/wp\/v2\/users\/3"}],"replies":[{"embeddable":true,"href":"https:\/\/trustedveal.com\/fr\/wp-json\/wp\/v2\/comments?post=530"}],"version-history":[{"count":0,"href":"https:\/\/trustedveal.com\/fr\/wp-json\/wp\/v2\/pages\/530\/revisions"}],"up":[{"embeddable":true,"href":"https:\/\/trustedveal.com\/fr\/wp-json\/wp\/v2\/pages\/521"}],"wp:attachment":[{"href":"https:\/\/trustedveal.com\/fr\/wp-json\/wp\/v2\/media?parent=530"}],"curies":[{"name":"wp","href":"https:\/\/api.w.org\/{rel}","templated":true}]}}