{"id":527,"date":"2018-04-12T14:22:54","date_gmt":"2018-04-12T18:22:54","guid":{"rendered":"https:\/\/trustedveal.com\/engagements\/quality\/"},"modified":"2022-12-14T16:27:37","modified_gmt":"2022-12-14T21:27:37","slug":"qualite","status":"publish","type":"page","link":"https:\/\/trustedveal.com\/fr\/engagements\/qualite\/","title":{"rendered":"Qualit\u00e9"},"content":{"rendered":"<div class=\"wpb-content-wrapper\"><p>[vc_row css_animation=\u00a0\u00bb\u00a0\u00bb row_type=\u00a0\u00bbrow\u00a0\u00bb use_row_as_full_screen_section=\u00a0\u00bbno\u00a0\u00bb type=\u00a0\u00bbgrid\u00a0\u00bb angled_section=\u00a0\u00bbno\u00a0\u00bb text_align=\u00a0\u00bbleft\u00a0\u00bb background_image_as_pattern=\u00a0\u00bbwithout_pattern\u00a0\u00bb css=\u00a0\u00bb.vc_custom_1671053171634{padding-top: 91px !important;padding-bottom: 40px !important;}\u00a0\u00bb z_index=\u00a0\u00bb\u00a0\u00bb][vc_column offset=\u00a0\u00bbvc_col-lg-offset-0 vc_col-lg-6 vc_col-md-offset-2 vc_col-md-8 vc_col-sm-offset-0&Prime;][vc_column_text]<\/p>\n<h2>Sant\u00e9 et bien-\u00eatre animal<\/h2>\n<p>[\/vc_column_text][vc_separator type=\u00a0\u00bbsmall\u00a0\u00bb position=\u00a0\u00bbcenter\u00a0\u00bb][vc_raw_html el_class=\u00a0\u00bbmobile_only\u00a0\u00bb]JTNDZGl2JTIwY2xhc3MlM0QlMjJxb2RlX3ZpZGVvX2JveCUyMiUzRSUwQSUwOSUzQ2ElMjBpdGVtcHJvcCUzRCUyMmltYWdlJTIyJTIwY2xhc3MlM0QlMjJxb2RlX3ZpZGVvX2ltYWdlJTIyJTIwaHJlZiUzRCUyMmh0dHBzJTNBJTJGJTJGdmltZW8uY29tJTJGMzM2ODg1MTYzJTIyJTIwZGF0YS1yZWwlM0QlMjJwcmV0dHlQaG90byUyMiUyMHJlbCUzRCUyMnByZXR0eVBob3RvJTIyJTNFJTBBJTA5JTA5JTA5JTBBJTA5JTA5JTA5JTNDaW1nJTIwc3JjJTNEJTIyJTJGd3AtY29udGVudCUyRnVwbG9hZHMlMkYyMDE5JTJGMDQlMkZ0di1TYW50ZUV0QmllbmV0cmVBbmltYWwtRlIuanBnJTIyJTNFJTBBJTA5JTA5JTA5JTNDc3BhbiUyMGNsYXNzJTNEJTIycW9kZV92aWRlb19ib3hfYnV0dG9uX2hvbGRlciUyMiUzRSUwQSUwOSUwOSUwOSUwOSUzQ3NwYW4lMjBjbGFzcyUzRCUyMnFvZGVfdmlkZW9fYm94X2J1dHRvbiUyMiUzRSUwQSUwOSUwOSUwOSUwOSUwOSUzQ3NwYW4lMjBjbGFzcyUzRCUyMnFvZGVfdmlkZW9fYm94X2J1dHRvbl9hcnJvdyUyMiUzRSUwQSUwOSUwOSUwOSUwOSUwOSUzQyUyRnNwYW4lM0UlMEElMDklMDklMDklMDklM0MlMkZzcGFuJTNFJTBBJTA5JTA5JTA5JTNDJTJGc3BhbiUzRSUwQSUwOSUwOSUwOSUzQyUyRmElM0UlMEElM0MlMkZkaXYlM0U=[\/vc_raw_html][vc_column_text]<\/p>\n<h4 style=\"text-align: center;\">L\u2019accent que nous mettons sur le traitement sans cruaut\u00e9 et le bien-\u00eatre des animaux est vital pour la qualit\u00e9 de nos produits de veau et la durabilit\u00e9 de notre industrie.<\/h4>\n<p>[\/vc_column_text][vc_separator type=\u00a0\u00bbtransparent\u00a0\u00bb up=\u00a0\u00bb21&Prime; down=\u00a0\u00bb0&Prime;][vc_column_text]Nous traitons nos veaux conform\u00e9ment \u00e0 la politique de l\u2019Union europ\u00e9enne en mati\u00e8re de sant\u00e9 et de bien-\u00eatre des animaux. Cela garantit que nos veaux:<\/p>\n<ul>\n<li>ne sont pas expos\u00e9 \u00e0 des douleurs ou des souffrances indues;<\/li>\n<li>sont \u00e9lev\u00e9s dans des granges spacieuses, bien \u00e9clair\u00e9es et bien ventil\u00e9es, avec des espaces collectifs o\u00f9 ils peuvent interagir avec d\u2019autres veaux;<\/li>\n<li>re\u00e7oivent un traitement v\u00e9t\u00e9rinaire imm\u00e9diat et ne sont isol\u00e9s que s\u2019ils sont malades et repr\u00e9sentent un risque sanitaire pour le troupeau;<\/li>\n<li>sont test\u00e9s r\u00e9guli\u00e8rement pour s\u2019assurer qu\u2019ils re\u00e7oivent les nutriments dont ils ont besoin et pr\u00e9venir la propagation des maladies.<\/li>\n<\/ul>\n<p>[\/vc_column_text][vc_separator type=\u00a0\u00bbtransparent\u00a0\u00bb up=\u00a0\u00bb50&Prime; down=\u00a0\u00bb0&Prime;][\/vc_column][vc_column offset=\u00a0\u00bbvc_col-lg-offset-0 vc_col-lg-6 vc_col-md-offset-2 vc_col-md-8 vc_col-sm-offset-0&Prime; el_class=\u00a0\u00bbdesktop_only\u00a0\u00bb][vc_separator type=\u00a0\u00bbtransparent\u00a0\u00bb up=\u00a0\u00bb7&Prime; down=\u00a0\u00bb0&Prime;]<div class=\"qode_video_box\">\n\t<a itemprop=\"image\" class=\"qode_video_image\" href=\"https:\/\/vimeo.com\/336885163\" data-rel=\"prettyPhoto\">\n\t\t\t\n\t\t\t<img decoding=\"async\" src=\"https:\/\/trustedveal.com\/wp-content\/uploads\/2019\/04\/tv-SanteEtBienetreAnimal-FR.jpg\" \/>\n\t\t\t<span class=\"qode_video_box_button_holder\">\n\t\t\t\t<span class=\"qode_video_box_button\">\n\t\t\t\t\t<span class=\"qode_video_box_button_arrow\">\n\t\t\t\t\t<\/span>\n\t\t\t\t<\/span>\n\t\t\t<\/span>\n\t\t\t<\/a>\n<\/div>[vc_separator type=\u00a0\u00bbtransparent\u00a0\u00bb up=\u00a0\u00bb59&Prime; down=\u00a0\u00bb0&Prime;][\/vc_column][\/vc_row][vc_row css_animation=\u00a0\u00bb\u00a0\u00bb row_type=\u00a0\u00bbrow\u00a0\u00bb use_row_as_full_screen_section=\u00a0\u00bbno\u00a0\u00bb type=\u00a0\u00bbgrid\u00a0\u00bb angled_section=\u00a0\u00bbno\u00a0\u00bb text_align=\u00a0\u00bbleft\u00a0\u00bb background_image_as_pattern=\u00a0\u00bbwithout_pattern\u00a0\u00bb background_color=\u00a0\u00bb#f5f5f5&Prime; css=\u00a0\u00bb.vc_custom_1671053180200{padding-top: 91px !important;padding-bottom: 90px !important;}\u00a0\u00bb z_index=\u00a0\u00bb\u00a0\u00bb][vc_column offset=\u00a0\u00bbvc_col-lg-offset-0 vc_col-lg-6 vc_col-md-offset-2 vc_col-md-8 vc_col-sm-offset-0&Prime; el_class=\u00a0\u00bbdesktop_only\u00a0\u00bb][vc_separator type=\u00a0\u00bbtransparent\u00a0\u00bb up=\u00a0\u00bb7&Prime; down=\u00a0\u00bb0&Prime;]<div class=\"qode_video_box\">\n\t<a itemprop=\"image\" class=\"qode_video_image\" href=\"https:\/\/vimeo.com\/331586646\" data-rel=\"prettyPhoto\">\n\t\t\t\n\t\t\t<img decoding=\"async\" src=\"https:\/\/trustedveal.com\/wp-content\/uploads\/2019\/04\/tv-ProgrammesDeControleQualite-FR.jpg\" \/>\n\t\t\t<span class=\"qode_video_box_button_holder\">\n\t\t\t\t<span class=\"qode_video_box_button\">\n\t\t\t\t\t<span class=\"qode_video_box_button_arrow\">\n\t\t\t\t\t<\/span>\n\t\t\t\t<\/span>\n\t\t\t<\/span>\n\t\t\t<\/a>\n<\/div>[vc_separator type=\u00a0\u00bbtransparent\u00a0\u00bb up=\u00a0\u00bb60&Prime; down=\u00a0\u00bb0&Prime;][\/vc_column][vc_column offset=\u00a0\u00bbvc_col-lg-offset-0 vc_col-lg-6 vc_col-md-offset-2 vc_col-md-8 vc_col-sm-offset-0&Prime;][vc_column_text]<\/p>\n<h2>Contr\u00f4le de la qualit\u00e9<\/h2>\n<p>[\/vc_column_text][vc_separator type=\u00a0\u00bbsmall\u00a0\u00bb position=\u00a0\u00bbcenter\u00a0\u00bb][vc_raw_html el_class=\u00a0\u00bbmobile_only\u00a0\u00bb]JTNDZGl2JTIwY2xhc3MlM0QlMjJxb2RlX3ZpZGVvX2JveCUyMiUzRSUwQSUwOSUzQ2ElMjBpdGVtcHJvcCUzRCUyMmltYWdlJTIyJTIwY2xhc3MlM0QlMjJxb2RlX3ZpZGVvX2ltYWdlJTIyJTIwaHJlZiUzRCUyMmh0dHBzJTNBJTJGJTJGdmltZW8uY29tJTJGMzMxNTg2NjQ2JTIyJTIwZGF0YS1yZWwlM0QlMjJwcmV0dHlQaG90byUyMiUyMHJlbCUzRCUyMnByZXR0eVBob3RvJTIyJTNFJTBBJTA5JTA5JTA5JTBBJTA5JTA5JTA5JTNDaW1nJTIwc3JjJTNEJTIyJTJGd3AtY29udGVudCUyRnVwbG9hZHMlMkYyMDE5JTJGMDQlMkZ0di1Qcm9ncmFtbWVzRGVDb250cm9sZVF1YWxpdGUtRlIuanBnJTIyJTNFJTBBJTA5JTA5JTA5JTNDc3BhbiUyMGNsYXNzJTNEJTIycW9kZV92aWRlb19ib3hfYnV0dG9uX2hvbGRlciUyMiUzRSUwQSUwOSUwOSUwOSUwOSUzQ3NwYW4lMjBjbGFzcyUzRCUyMnFvZGVfdmlkZW9fYm94X2J1dHRvbiUyMiUzRSUwQSUwOSUwOSUwOSUwOSUwOSUzQ3NwYW4lMjBjbGFzcyUzRCUyMnFvZGVfdmlkZW9fYm94X2J1dHRvbl9hcnJvdyUyMiUzRSUwQSUwOSUwOSUwOSUwOSUwOSUzQyUyRnNwYW4lM0UlMEElMDklMDklMDklMDklM0MlMkZzcGFuJTNFJTBBJTA5JTA5JTA5JTNDJTJGc3BhbiUzRSUwQSUwOSUwOSUwOSUzQyUyRmElM0UlMEElM0MlMkZkaXYlM0U=[\/vc_raw_html][vc_column_text]<\/p>\n<h4 style=\"text-align: center;\">Pour garantir la salubrit\u00e9 et la qualit\u00e9 tout au long du processus de production, nous nous conformons \u00e0 un programme de contr\u00f4le de qualit\u00e9 avanc\u00e9, le r\u00e8glement sur l\u2019assurance qualit\u00e9 Vital Calf du secteur n\u00e9erlandais de la viande de veau.<\/h4>\n<p>[\/vc_column_text][vc_separator type=\u00a0\u00bbtransparent\u00a0\u00bb up=\u00a0\u00bb21&Prime; down=\u00a0\u00bb0&Prime;][vc_column_text]Notre programme de contr\u00f4le de la qualit\u00e9 vise \u00e0 collaborer avec des organisations ind\u00e9pendantes comme la Fondation pour la garantie de la qualit\u00e9 du secteur de la viande de veau (SKV), qui assure la salubrit\u00e9 alimentaire par le biais des pratiques suivantes:<\/p>\n<ul>\n<li>inspections inopin\u00e9es des producteurs, des engraisseurs de veaux, des \u00e9leveurs de veaux et des entreprises de transformation de la viande;<\/li>\n<li>tests pour pr\u00e9venir les substances interdites stimulant la croissance;<\/li>\n<li>suivi des m\u00e9dicaments v\u00e9t\u00e9rinaires, de l\u2019alimentation, du bien-\u00eatre, de l\u2019hygi\u00e8ne et du transport;<\/li>\n<li>tests biochimiques r\u00e9guliers pour les bact\u00e9ries telles que la salmonelle, la listeria et l\u2019E. coli;<\/li>\n<li>\u201cControlled Quality Veal\u201d (CQV) certifications qui garantissent que la viande de veau r\u00e9pond \u00e0 toutes les conditions pr\u00e9alables \u00e0 une consommation s\u00e9curitaire.<\/li>\n<\/ul>\n<p>[\/vc_column_text][vc_separator type=\u00a0\u00bbtransparent\u00a0\u00bb up=\u00a0\u00bb60&Prime; down=\u00a0\u00bb0&Prime;]<a  itemprop=\"url\" href=\"\/fr\/engagements\/\" target=\"_self\"  class=\"qbutton  enlarge\" style=\"\">D\u00e9couvrez nos engagements<\/a>[vc_separator type=\u00a0\u00bbtransparent\u00a0\u00bb up=\u00a0\u00bb50&Prime; down=\u00a0\u00bb0&Prime;][\/vc_column][\/vc_row][vc_row css_animation=\u00a0\u00bb\u00a0\u00bb row_type=\u00a0\u00bbrow\u00a0\u00bb use_row_as_full_screen_section=\u00a0\u00bbno\u00a0\u00bb type=\u00a0\u00bbgrid\u00a0\u00bb angled_section=\u00a0\u00bbno\u00a0\u00bb text_align=\u00a0\u00bbcenter\u00a0\u00bb background_image_as_pattern=\u00a0\u00bbwithout_pattern\u00a0\u00bb z_index=\u00a0\u00bb\u00a0\u00bb][vc_column width=\u00a0\u00bb1\/4&Prime;][\/vc_column][vc_column width=\u00a0\u00bb2\/4&Prime;][vc_separator type=\u00a0\u00bbtransparent\u00a0\u00bb up=\u00a0\u00bb50&Prime; down=\u00a0\u00bb0&Prime;][vc_column_text]<\/p>\n<h2>\u00c0 propos de nous<\/h2>\n<p>[\/vc_column_text][vc_separator type=\u00a0\u00bbsmall\u00a0\u00bb position=\u00a0\u00bbcenter\u00a0\u00bb][vc_column_text]<\/p>\n<h4>Voyez comment la campagne \u00ab Veau de tradition europ\u00e9enne \u00bb vise \u00e0 faire conna\u00eetre le veau europ\u00e9en aux consommateurs de viande des \u00c9tats-Unis et du Canada.<\/h4>\n<p>N\u2019h\u00e9sitez pas \u00e0 nous contacter si vous avez des questions ou si vous souhaitez discuter des raisons pour lesquelles les attraits continentaux du veau europ\u00e9en repr\u00e9sentent un ajout de haute qualit\u00e9, salubre et irr\u00e9sistible \u00e0 votre menu ou \u00e0 votre comptoir \u00e0 viande.[\/vc_column_text][vc_separator type=\u00a0\u00bbtransparent\u00a0\u00bb up=\u00a0\u00bb50&Prime; down=\u00a0\u00bb0&Prime;]<a  itemprop=\"url\" href=\"\/fr\/nous-contacter\/\" target=\"_self\"  class=\"qbutton  default\" style=\"\">Contacter Veau de tradition europ\u00e9enne<\/a>[vc_separator type=\u00a0\u00bbtransparent\u00a0\u00bb up=\u00a0\u00bb50&Prime; down=\u00a0\u00bb0&Prime;][\/vc_column][vc_column width=\u00a0\u00bb1\/4&Prime;][\/vc_column][\/vc_row]<\/p>\n<\/div>","protected":false},"excerpt":{"rendered":"<p>[vc_row css_animation=\u00a0\u00bb\u00a0\u00bb row_type=\u00a0\u00bbrow\u00a0\u00bb use_row_as_full_screen_section=\u00a0\u00bbno\u00a0\u00bb type=\u00a0\u00bbgrid\u00a0\u00bb angled_section=\u00a0\u00bbno\u00a0\u00bb text_align=\u00a0\u00bbleft\u00a0\u00bb background_image_as_pattern=\u00a0\u00bbwithout_pattern\u00a0\u00bb css=\u00a0\u00bb.vc_custom_1671053171634{padding-top: 91px !important;padding-bottom: 40px !important;}\u00a0\u00bb z_index=\u00a0\u00bb\u00a0\u00bb][vc_column offset=\u00a0\u00bbvc_col-lg-offset-0 vc_col-lg-6 vc_col-md-offset-2 vc_col-md-8 vc_col-sm-offset-0&Prime;][vc_column_text] Sant\u00e9 et bien-\u00eatre animal [\/vc_column_text][vc_separator type=\u00a0\u00bbsmall\u00a0\u00bb position=\u00a0\u00bbcenter\u00a0\u00bb][vc_raw_html el_class=\u00a0\u00bbmobile_only\u00a0\u00bb]JTNDZGl2JTIwY2xhc3MlM0QlMjJxb2RlX3ZpZGVvX2JveCUyMiUzRSUwQSUwOSUzQ2ElMjBpdGVtcHJvcCUzRCUyMmltYWdlJTIyJTIwY2xhc3MlM0QlMjJxb2RlX3ZpZGVvX2ltYWdlJTIyJTIwaHJlZiUzRCUyMmh0dHBzJTNBJTJGJTJGdmltZW8uY29tJTJGMzM2ODg1MTYzJTIyJTIwZGF0YS1yZWwlM0QlMjJwcmV0dHlQaG90byUyMiUyMHJlbCUzRCUyMnByZXR0eVBob3RvJTIyJTNFJTBBJTA5JTA5JTA5JTBBJTA5JTA5JTA5JTNDaW1nJTIwc3JjJTNEJTIyJTJGd3AtY29udGVudCUyRnVwbG9hZHMlMkYyMDE5JTJGMDQlMkZ0di1TYW50ZUV0QmllbmV0cmVBbmltYWwtRlIuanBnJTIyJTNFJTBBJTA5JTA5JTA5JTNDc3BhbiUyMGNsYXNzJTNEJTIycW9kZV92aWRlb19ib3hfYnV0dG9uX2hvbGRlciUyMiUzRSUwQSUwOSUwOSUwOSUwOSUzQ3NwYW4lMjBjbGFzcyUzRCUyMnFvZGVfdmlkZW9fYm94X2J1dHRvbiUyMiUzRSUwQSUwOSUwOSUwOSUwOSUwOSUzQ3NwYW4lMjBjbGFzcyUzRCUyMnFvZGVfdmlkZW9fYm94X2J1dHRvbl9hcnJvdyUyMiUzRSUwQSUwOSUwOSUwOSUwOSUwOSUzQyUyRnNwYW4lM0UlMEElMDklMDklMDklMDklM0MlMkZzcGFuJTNFJTBBJTA5JTA5JTA5JTNDJTJGc3BhbiUzRSUwQSUwOSUwOSUwOSUzQyUyRmElM0UlMEElM0MlMkZkaXYlM0U=[\/vc_raw_html][vc_column_text] L\u2019accent que nous mettons sur le traitement sans cruaut\u00e9 et le bien-\u00eatre des animaux est vital pour la&#8230;<\/p>\n","protected":false},"author":3,"featured_media":0,"parent":521,"menu_order":2,"comment_status":"closed","ping_status":"closed","template":"full_width.php","meta":{"footnotes":""},"class_list":["post-527","page","type-page","status-publish","hentry"],"yoast_head":"<!-- This site is optimized with the Yoast SEO plugin v24.4 - https:\/\/yoast.com\/wordpress\/plugins\/seo\/ -->\n<title>Qualit\u00e9 - Veau de tradition europ\u00e9enne<\/title>\n<meta name=\"robots\" content=\"index, follow, max-snippet:-1, max-image-preview:large, max-video-preview:-1\" \/>\n<link rel=\"canonical\" href=\"https:\/\/trustedveal.com\/fr\/engagements\/qualite\/\" \/>\n<meta property=\"og:locale\" content=\"fr_FR\" \/>\n<meta property=\"og:type\" content=\"article\" \/>\n<meta property=\"og:title\" content=\"Qualit\u00e9 - Veau de tradition europ\u00e9enne\" \/>\n<meta property=\"og:description\" content=\"[vc_row css_animation=\u00a0\u00bb\u00a0\u00bb row_type=\u00a0\u00bbrow\u00a0\u00bb use_row_as_full_screen_section=\u00a0\u00bbno\u00a0\u00bb type=\u00a0\u00bbgrid\u00a0\u00bb angled_section=\u00a0\u00bbno\u00a0\u00bb text_align=\u00a0\u00bbleft\u00a0\u00bb background_image_as_pattern=\u00a0\u00bbwithout_pattern\u00a0\u00bb css=\u00a0\u00bb.vc_custom_1671053171634{padding-top: 91px !important;padding-bottom: 40px !important;}\u00a0\u00bb z_index=\u00a0\u00bb\u00a0\u00bb][vc_column offset=\u00a0\u00bbvc_col-lg-offset-0 vc_col-lg-6 vc_col-md-offset-2 vc_col-md-8 vc_col-sm-offset-0&Prime;][vc_column_text] Sant\u00e9 et bien-\u00eatre animal [\/vc_column_text][vc_separator type=\u00a0\u00bbsmall\u00a0\u00bb position=\u00a0\u00bbcenter\u00a0\u00bb][vc_raw_html el_class=\u00a0\u00bbmobile_only\u00a0\u00bb]JTNDZGl2JTIwY2xhc3MlM0QlMjJxb2RlX3ZpZGVvX2JveCUyMiUzRSUwQSUwOSUzQ2ElMjBpdGVtcHJvcCUzRCUyMmltYWdlJTIyJTIwY2xhc3MlM0QlMjJxb2RlX3ZpZGVvX2ltYWdlJTIyJTIwaHJlZiUzRCUyMmh0dHBzJTNBJTJGJTJGdmltZW8uY29tJTJGMzM2ODg1MTYzJTIyJTIwZGF0YS1yZWwlM0QlMjJwcmV0dHlQaG90byUyMiUyMHJlbCUzRCUyMnByZXR0eVBob3RvJTIyJTNFJTBBJTA5JTA5JTA5JTBBJTA5JTA5JTA5JTNDaW1nJTIwc3JjJTNEJTIyJTJGd3AtY29udGVudCUyRnVwbG9hZHMlMkYyMDE5JTJGMDQlMkZ0di1TYW50ZUV0QmllbmV0cmVBbmltYWwtRlIuanBnJTIyJTNFJTBBJTA5JTA5JTA5JTNDc3BhbiUyMGNsYXNzJTNEJTIycW9kZV92aWRlb19ib3hfYnV0dG9uX2hvbGRlciUyMiUzRSUwQSUwOSUwOSUwOSUwOSUzQ3NwYW4lMjBjbGFzcyUzRCUyMnFvZGVfdmlkZW9fYm94X2J1dHRvbiUyMiUzRSUwQSUwOSUwOSUwOSUwOSUwOSUzQ3NwYW4lMjBjbGFzcyUzRCUyMnFvZGVfdmlkZW9fYm94X2J1dHRvbl9hcnJvdyUyMiUzRSUwQSUwOSUwOSUwOSUwOSUwOSUzQyUyRnNwYW4lM0UlMEElMDklMDklMDklMDklM0MlMkZzcGFuJTNFJTBBJTA5JTA5JTA5JTNDJTJGc3BhbiUzRSUwQSUwOSUwOSUwOSUzQyUyRmElM0UlMEElM0MlMkZkaXYlM0U=[\/vc_raw_html][vc_column_text] L\u2019accent que nous mettons sur le traitement sans cruaut\u00e9 et le bien-\u00eatre des animaux est vital pour la...\" \/>\n<meta property=\"og:url\" content=\"https:\/\/trustedveal.com\/fr\/engagements\/qualite\/\" \/>\n<meta property=\"og:site_name\" content=\"Veau de tradition europ\u00e9enne\" \/>\n<meta property=\"article:modified_time\" content=\"2022-12-14T21:27:37+00:00\" \/>\n<meta name=\"twitter:card\" content=\"summary_large_image\" \/>\n<meta name=\"twitter:label1\" content=\"Dur\u00e9e de lecture estim\u00e9e\" \/>\n\t<meta name=\"twitter:data1\" content=\"3 minutes\" \/>\n<script type=\"application\/ld+json\" class=\"yoast-schema-graph\">{\"@context\":\"https:\/\/schema.org\",\"@graph\":[{\"@type\":\"WebPage\",\"@id\":\"https:\/\/trustedveal.com\/fr\/engagements\/qualite\/\",\"url\":\"https:\/\/trustedveal.com\/fr\/engagements\/qualite\/\",\"name\":\"Qualit\u00e9 - Veau de tradition europ\u00e9enne\",\"isPartOf\":{\"@id\":\"https:\/\/trustedveal.com\/fr\/#website\"},\"datePublished\":\"2018-04-12T18:22:54+00:00\",\"dateModified\":\"2022-12-14T21:27:37+00:00\",\"breadcrumb\":{\"@id\":\"https:\/\/trustedveal.com\/fr\/engagements\/qualite\/#breadcrumb\"},\"inLanguage\":\"fr-FR\",\"potentialAction\":[{\"@type\":\"ReadAction\",\"target\":[\"https:\/\/trustedveal.com\/fr\/engagements\/qualite\/\"]}]},{\"@type\":\"BreadcrumbList\",\"@id\":\"https:\/\/trustedveal.com\/fr\/engagements\/qualite\/#breadcrumb\",\"itemListElement\":[{\"@type\":\"ListItem\",\"position\":1,\"name\":\"Home\",\"item\":\"https:\/\/trustedveal.com\/fr\/\"},{\"@type\":\"ListItem\",\"position\":2,\"name\":\"Engagements\",\"item\":\"https:\/\/trustedveal.com\/fr\/engagements\/\"},{\"@type\":\"ListItem\",\"position\":3,\"name\":\"Qualit\u00e9\"}]},{\"@type\":\"WebSite\",\"@id\":\"https:\/\/trustedveal.com\/fr\/#website\",\"url\":\"https:\/\/trustedveal.com\/fr\/\",\"name\":\"Veau de tradition europ\u00e9enne\",\"description\":\"Saveurs de Hollande\",\"potentialAction\":[{\"@type\":\"SearchAction\",\"target\":{\"@type\":\"EntryPoint\",\"urlTemplate\":\"https:\/\/trustedveal.com\/fr\/?s={search_term_string}\"},\"query-input\":{\"@type\":\"PropertyValueSpecification\",\"valueRequired\":true,\"valueName\":\"search_term_string\"}}],\"inLanguage\":\"fr-FR\"}]}<\/script>\n<!-- \/ Yoast SEO plugin. -->","yoast_head_json":{"title":"Qualit\u00e9 - Veau de tradition europ\u00e9enne","robots":{"index":"index","follow":"follow","max-snippet":"max-snippet:-1","max-image-preview":"max-image-preview:large","max-video-preview":"max-video-preview:-1"},"canonical":"https:\/\/trustedveal.com\/fr\/engagements\/qualite\/","og_locale":"fr_FR","og_type":"article","og_title":"Qualit\u00e9 - Veau de tradition europ\u00e9enne","og_description":"[vc_row css_animation=\u00a0\u00bb\u00a0\u00bb row_type=\u00a0\u00bbrow\u00a0\u00bb use_row_as_full_screen_section=\u00a0\u00bbno\u00a0\u00bb type=\u00a0\u00bbgrid\u00a0\u00bb angled_section=\u00a0\u00bbno\u00a0\u00bb text_align=\u00a0\u00bbleft\u00a0\u00bb background_image_as_pattern=\u00a0\u00bbwithout_pattern\u00a0\u00bb css=\u00a0\u00bb.vc_custom_1671053171634{padding-top: 91px !important;padding-bottom: 40px !important;}\u00a0\u00bb z_index=\u00a0\u00bb\u00a0\u00bb][vc_column offset=\u00a0\u00bbvc_col-lg-offset-0 vc_col-lg-6 vc_col-md-offset-2 vc_col-md-8 vc_col-sm-offset-0&Prime;][vc_column_text] Sant\u00e9 et bien-\u00eatre animal [\/vc_column_text][vc_separator type=\u00a0\u00bbsmall\u00a0\u00bb position=\u00a0\u00bbcenter\u00a0\u00bb][vc_raw_html el_class=\u00a0\u00bbmobile_only\u00a0\u00bb]JTNDZGl2JTIwY2xhc3MlM0QlMjJxb2RlX3ZpZGVvX2JveCUyMiUzRSUwQSUwOSUzQ2ElMjBpdGVtcHJvcCUzRCUyMmltYWdlJTIyJTIwY2xhc3MlM0QlMjJxb2RlX3ZpZGVvX2ltYWdlJTIyJTIwaHJlZiUzRCUyMmh0dHBzJTNBJTJGJTJGdmltZW8uY29tJTJGMzM2ODg1MTYzJTIyJTIwZGF0YS1yZWwlM0QlMjJwcmV0dHlQaG90byUyMiUyMHJlbCUzRCUyMnByZXR0eVBob3RvJTIyJTNFJTBBJTA5JTA5JTA5JTBBJTA5JTA5JTA5JTNDaW1nJTIwc3JjJTNEJTIyJTJGd3AtY29udGVudCUyRnVwbG9hZHMlMkYyMDE5JTJGMDQlMkZ0di1TYW50ZUV0QmllbmV0cmVBbmltYWwtRlIuanBnJTIyJTNFJTBBJTA5JTA5JTA5JTNDc3BhbiUyMGNsYXNzJTNEJTIycW9kZV92aWRlb19ib3hfYnV0dG9uX2hvbGRlciUyMiUzRSUwQSUwOSUwOSUwOSUwOSUzQ3NwYW4lMjBjbGFzcyUzRCUyMnFvZGVfdmlkZW9fYm94X2J1dHRvbiUyMiUzRSUwQSUwOSUwOSUwOSUwOSUwOSUzQ3NwYW4lMjBjbGFzcyUzRCUyMnFvZGVfdmlkZW9fYm94X2J1dHRvbl9hcnJvdyUyMiUzRSUwQSUwOSUwOSUwOSUwOSUwOSUzQyUyRnNwYW4lM0UlMEElMDklMDklMDklMDklM0MlMkZzcGFuJTNFJTBBJTA5JTA5JTA5JTNDJTJGc3BhbiUzRSUwQSUwOSUwOSUwOSUzQyUyRmElM0UlMEElM0MlMkZkaXYlM0U=[\/vc_raw_html][vc_column_text] L\u2019accent que nous mettons sur le traitement sans cruaut\u00e9 et le bien-\u00eatre des animaux est vital pour la...","og_url":"https:\/\/trustedveal.com\/fr\/engagements\/qualite\/","og_site_name":"Veau de tradition europ\u00e9enne","article_modified_time":"2022-12-14T21:27:37+00:00","twitter_card":"summary_large_image","twitter_misc":{"Dur\u00e9e de lecture estim\u00e9e":"3 minutes"},"schema":{"@context":"https:\/\/schema.org","@graph":[{"@type":"WebPage","@id":"https:\/\/trustedveal.com\/fr\/engagements\/qualite\/","url":"https:\/\/trustedveal.com\/fr\/engagements\/qualite\/","name":"Qualit\u00e9 - Veau de tradition europ\u00e9enne","isPartOf":{"@id":"https:\/\/trustedveal.com\/fr\/#website"},"datePublished":"2018-04-12T18:22:54+00:00","dateModified":"2022-12-14T21:27:37+00:00","breadcrumb":{"@id":"https:\/\/trustedveal.com\/fr\/engagements\/qualite\/#breadcrumb"},"inLanguage":"fr-FR","potentialAction":[{"@type":"ReadAction","target":["https:\/\/trustedveal.com\/fr\/engagements\/qualite\/"]}]},{"@type":"BreadcrumbList","@id":"https:\/\/trustedveal.com\/fr\/engagements\/qualite\/#breadcrumb","itemListElement":[{"@type":"ListItem","position":1,"name":"Home","item":"https:\/\/trustedveal.com\/fr\/"},{"@type":"ListItem","position":2,"name":"Engagements","item":"https:\/\/trustedveal.com\/fr\/engagements\/"},{"@type":"ListItem","position":3,"name":"Qualit\u00e9"}]},{"@type":"WebSite","@id":"https:\/\/trustedveal.com\/fr\/#website","url":"https:\/\/trustedveal.com\/fr\/","name":"Veau de tradition europ\u00e9enne","description":"Saveurs de Hollande","potentialAction":[{"@type":"SearchAction","target":{"@type":"EntryPoint","urlTemplate":"https:\/\/trustedveal.com\/fr\/?s={search_term_string}"},"query-input":{"@type":"PropertyValueSpecification","valueRequired":true,"valueName":"search_term_string"}}],"inLanguage":"fr-FR"}]}},"_links":{"self":[{"href":"https:\/\/trustedveal.com\/fr\/wp-json\/wp\/v2\/pages\/527","targetHints":{"allow":["GET"]}}],"collection":[{"href":"https:\/\/trustedveal.com\/fr\/wp-json\/wp\/v2\/pages"}],"about":[{"href":"https:\/\/trustedveal.com\/fr\/wp-json\/wp\/v2\/types\/page"}],"author":[{"embeddable":true,"href":"https:\/\/trustedveal.com\/fr\/wp-json\/wp\/v2\/users\/3"}],"replies":[{"embeddable":true,"href":"https:\/\/trustedveal.com\/fr\/wp-json\/wp\/v2\/comments?post=527"}],"version-history":[{"count":0,"href":"https:\/\/trustedveal.com\/fr\/wp-json\/wp\/v2\/pages\/527\/revisions"}],"up":[{"embeddable":true,"href":"https:\/\/trustedveal.com\/fr\/wp-json\/wp\/v2\/pages\/521"}],"wp:attachment":[{"href":"https:\/\/trustedveal.com\/fr\/wp-json\/wp\/v2\/media?parent=527"}],"curies":[{"name":"wp","href":"https:\/\/api.w.org\/{rel}","templated":true}]}}