{"id":524,"date":"2018-04-12T14:14:48","date_gmt":"2018-04-12T18:14:48","guid":{"rendered":"https:\/\/trustedveal.com\/engagements\/safety\/"},"modified":"2022-12-14T16:36:00","modified_gmt":"2022-12-14T21:36:00","slug":"securite","status":"publish","type":"page","link":"https:\/\/trustedveal.com\/fr\/engagements\/securite\/","title":{"rendered":"S\u00e9curit\u00e9"},"content":{"rendered":"<div class=\"wpb-content-wrapper\"><p>[vc_row css_animation=\u00a0\u00bb\u00a0\u00bb row_type=\u00a0\u00bbrow\u00a0\u00bb use_row_as_full_screen_section=\u00a0\u00bbno\u00a0\u00bb type=\u00a0\u00bbgrid\u00a0\u00bb angled_section=\u00a0\u00bbno\u00a0\u00bb text_align=\u00a0\u00bbcenter\u00a0\u00bb background_image_as_pattern=\u00a0\u00bbwithout_pattern\u00a0\u00bb css=\u00a0\u00bb.vc_custom_1457099274263{padding-top: 91px !important;padding-bottom: 40px !important;}\u00a0\u00bb][vc_column offset=\u00a0\u00bbvc_col-lg-offset-0 vc_col-lg-6 vc_col-md-offset-2 vc_col-md-8 vc_col-sm-offset-0&Prime;][vc_column_text]<\/p>\n<h2>Tra\u00e7abilit\u00e9<\/h2>\n<p>[\/vc_column_text][vc_separator type=\u00a0\u00bbsmall\u00a0\u00bb position=\u00a0\u00bbcenter\u00a0\u00bb][vc_raw_html el_class=\u00a0\u00bbmobile_only\u00a0\u00bb]JTNDZGl2JTIwY2xhc3MlM0QlMjJxb2RlX3ZpZGVvX2JveCUyMiUzRSUwQSUwOSUzQ2ElMjBpdGVtcHJvcCUzRCUyMmltYWdlJTIyJTIwY2xhc3MlM0QlMjJxb2RlX3ZpZGVvX2ltYWdlJTIyJTIwaHJlZiUzRCUyMmh0dHBzJTNBJTJGJTJGdmltZW8uY29tJTJGMzMxNTg2MjIwJTIyJTIwZGF0YS1yZWwlM0QlMjJwcmV0dHlQaG90byUyMiUyMHJlbCUzRCUyMnByZXR0eVBob3RvJTIyJTNFJTBBJTA5JTA5JTA5JTBBJTA5JTA5JTA5JTNDaW1nJTIwc3JjJTNEJTIyJTJGd3AtY29udGVudCUyRnVwbG9hZHMlMkYyMDE5JTJGMDQlMkZ0di1UcmFjYWJpbGl0ZS1GUi5qcGclMjIlM0UlMEElMDklMDklMDklM0NzcGFuJTIwY2xhc3MlM0QlMjJxb2RlX3ZpZGVvX2JveF9idXR0b25faG9sZGVyJTIyJTNFJTBBJTA5JTA5JTA5JTA5JTNDc3BhbiUyMGNsYXNzJTNEJTIycW9kZV92aWRlb19ib3hfYnV0dG9uJTIyJTNFJTBBJTA5JTA5JTA5JTA5JTA5JTNDc3BhbiUyMGNsYXNzJTNEJTIycW9kZV92aWRlb19ib3hfYnV0dG9uX2Fycm93JTIyJTNFJTBBJTA5JTA5JTA5JTA5JTA5JTNDJTJGc3BhbiUzRSUwQSUwOSUwOSUwOSUwOSUzQyUyRnNwYW4lM0UlMEElMDklMDklMDklM0MlMkZzcGFuJTNFJTBBJTA5JTA5JTA5JTNDJTJGYSUzRSUwQSUzQyUyRmRpdiUzRQ==[\/vc_raw_html][vc_column_text]<\/p>\n<h4 style=\"text-align: center;\">Pour garantir une confiance totale dans la salubrit\u00e9 alimentaire, nous employons des mesures strictes qui nous permettent de tracer nos produits de veau \u00e0 chaque \u00e9tape de la production.<\/h4>\n<p>[\/vc_column_text][vc_separator type=\u00a0\u00bbtransparent\u00a0\u00bb up=\u00a0\u00bb21&Prime; down=\u00a0\u00bb0&Prime;][vc_column_text]<\/p>\n<p style=\"text-align: center;\">Si un produit pr\u00e9sente un risque pour la s\u00e9curit\u00e9 des consommateurs, nous pouvons identifier exactement sa provenance et proc\u00e9der \u00e0 son rappel. Cette tra\u00e7abilit\u00e9 absolue r\u00e9pond au droit des consommateurs de savoir comment leurs aliments sont produits et leur offre la tranquillit\u00e9 d\u2019esprit de savoir que le produit qu\u2019ils ach\u00e8tent est l\u00e9gitime et fait l\u2019objet d\u2019un commerce \u00e9quitable pour \u00eatre import\u00e9 aux \u00c9tats-Unis.<\/p>\n<p>[\/vc_column_text][vc_separator type=\u00a0\u00bbtransparent\u00a0\u00bb up=\u00a0\u00bb50&Prime; down=\u00a0\u00bb0&Prime;][\/vc_column][vc_column offset=\u00a0\u00bbvc_col-lg-offset-0 vc_col-lg-6 vc_col-md-offset-2 vc_col-md-8 vc_col-sm-offset-0&Prime; el_class=\u00a0\u00bbdesktop_only\u00a0\u00bb][vc_separator type=\u00a0\u00bbtransparent\u00a0\u00bb up=\u00a0\u00bb7&Prime; down=\u00a0\u00bb0&Prime;]<div class=\"qode_video_box\">\n\t<a itemprop=\"image\" class=\"qode_video_image\" href=\"https:\/\/vimeo.com\/331586220\" data-rel=\"prettyPhoto\">\n\t\t\t\n\t\t\t<img decoding=\"async\" src=\"https:\/\/trustedveal.com\/wp-content\/uploads\/2019\/04\/tv-Tracabilite-FR.jpg\" \/>\n\t\t\t<span class=\"qode_video_box_button_holder\">\n\t\t\t\t<span class=\"qode_video_box_button\">\n\t\t\t\t\t<span class=\"qode_video_box_button_arrow\">\n\t\t\t\t\t<\/span>\n\t\t\t\t<\/span>\n\t\t\t<\/span>\n\t\t\t<\/a>\n<\/div>[vc_separator type=\u00a0\u00bbtransparent\u00a0\u00bb up=\u00a0\u00bb59&Prime; down=\u00a0\u00bb0&Prime;][\/vc_column][\/vc_row][vc_row css_animation=\u00a0\u00bb\u00a0\u00bb row_type=\u00a0\u00bbrow\u00a0\u00bb use_row_as_full_screen_section=\u00a0\u00bbno\u00a0\u00bb type=\u00a0\u00bbgrid\u00a0\u00bb angled_section=\u00a0\u00bbno\u00a0\u00bb text_align=\u00a0\u00bbleft\u00a0\u00bb background_image_as_pattern=\u00a0\u00bbwithout_pattern\u00a0\u00bb background_color=\u00a0\u00bb#f5f5f5&Prime; css=\u00a0\u00bb.vc_custom_1671053498715{padding-top: 91px !important;padding-bottom: 90px !important;}\u00a0\u00bb z_index=\u00a0\u00bb\u00a0\u00bb][vc_column offset=\u00a0\u00bbvc_col-lg-offset-0 vc_col-lg-6 vc_col-md-offset-2 vc_col-md-8 vc_col-sm-offset-0&Prime; el_class=\u00a0\u00bbdesktop_only\u00a0\u00bb][vc_separator type=\u00a0\u00bbtransparent\u00a0\u00bb up=\u00a0\u00bb7&Prime; down=\u00a0\u00bb0&Prime;]<div class=\"qode_video_box\">\n\t<a itemprop=\"image\" class=\"qode_video_image\" href=\"https:\/\/vimeo.com\/331592038\" data-rel=\"prettyPhoto\">\n\t\t\t\n\t\t\t<img decoding=\"async\" src=\"https:\/\/trustedveal.com\/wp-content\/uploads\/2019\/04\/tv-IdentificationEtEnregistrement-FR.jpg\" \/>\n\t\t\t<span class=\"qode_video_box_button_holder\">\n\t\t\t\t<span class=\"qode_video_box_button\">\n\t\t\t\t\t<span class=\"qode_video_box_button_arrow\">\n\t\t\t\t\t<\/span>\n\t\t\t\t<\/span>\n\t\t\t<\/span>\n\t\t\t<\/a>\n<\/div>[vc_separator type=\u00a0\u00bbtransparent\u00a0\u00bb up=\u00a0\u00bb60&Prime; down=\u00a0\u00bb0&Prime;][\/vc_column][vc_column offset=\u00a0\u00bbvc_col-lg-offset-0 vc_col-lg-6 vc_col-md-offset-2 vc_col-md-8 vc_col-sm-offset-0&Prime;][vc_column_text]<\/p>\n<h2>Identification et enregistrement<\/h2>\n<p>[\/vc_column_text][vc_separator type=\u00a0\u00bbsmall\u00a0\u00bb position=\u00a0\u00bbcenter\u00a0\u00bb][vc_raw_html el_class=\u00a0\u00bbmobile_only\u00a0\u00bb]JTNDZGl2JTIwY2xhc3MlM0QlMjJxb2RlX3ZpZGVvX2JveCUyMiUzRSUwQSUwOSUzQ2ElMjBpdGVtcHJvcCUzRCUyMmltYWdlJTIyJTIwY2xhc3MlM0QlMjJxb2RlX3ZpZGVvX2ltYWdlJTIyJTIwaHJlZiUzRCUyMmh0dHBzJTNBJTJGJTJGdmltZW8uY29tJTJGMzMxNTkyMDM4JTIyJTIwZGF0YS1yZWwlM0QlMjJwcmV0dHlQaG90byUyMiUyMHJlbCUzRCUyMnByZXR0eVBob3RvJTIyJTNFJTBBJTA5JTA5JTA5JTBBJTA5JTA5JTA5JTNDaW1nJTIwc3JjJTNEJTIyJTJGd3AtY29udGVudCUyRnVwbG9hZHMlMkYyMDE5JTJGMDQlMkZ0di1JZGVudGlmaWNhdGlvbkV0RW5yZWdpc3RyZW1lbnQtRlIuanBnJTIyJTNFJTBBJTA5JTA5JTA5JTNDc3BhbiUyMGNsYXNzJTNEJTIycW9kZV92aWRlb19ib3hfYnV0dG9uX2hvbGRlciUyMiUzRSUwQSUwOSUwOSUwOSUwOSUzQ3NwYW4lMjBjbGFzcyUzRCUyMnFvZGVfdmlkZW9fYm94X2J1dHRvbiUyMiUzRSUwQSUwOSUwOSUwOSUwOSUwOSUzQ3NwYW4lMjBjbGFzcyUzRCUyMnFvZGVfdmlkZW9fYm94X2J1dHRvbl9hcnJvdyUyMiUzRSUwQSUwOSUwOSUwOSUwOSUwOSUzQyUyRnNwYW4lM0UlMEElMDklMDklMDklMDklM0MlMkZzcGFuJTNFJTBBJTA5JTA5JTA5JTNDJTJGc3BhbiUzRSUwQSUwOSUwOSUwOSUzQyUyRmElM0UlMEElM0MlMkZkaXYlM0U=[\/vc_raw_html][vc_column_text]<\/p>\n<h4 style=\"text-align: center;\">Nous mettons en \u0153uvre le syst\u00e8me europ\u00e9en d\u2019identification et d\u2019enregistrement, un syst\u00e8me unique qui suit les mouvements de chaque animal tout au long de la cha\u00eene alimentaire afin d\u2019\u00e9radiquer les maladies.<\/h4>\n<p>[\/vc_column_text][vc_separator type=\u00a0\u00bbtransparent\u00a0\u00bb up=\u00a0\u00bb21&Prime; down=\u00a0\u00bb0&Prime;][vc_column_text]<\/p>\n<ul>\n<li>Chaque animal doit porter \u00e0 chaque oreille une \u00e9tiquette l\u2019identifiant par son lieu de naissance, d\u2019alimentation et de r\u00e9colte.<\/li>\n<li>Un passeport doit accompagner chaque animal \u00e0 chaque \u00e9tape du processus de production.<\/li>\n<li>Chaque agriculteur conserve un registre \u00e0 jour d\u00e9taillant les mouvements de son b\u00e9tail pendant un maximum de trois ans. Ce registre doit rester disponible pour \u00eatre pr\u00e9sent\u00e9 aux autorit\u00e9s \u00e0 tout moment.<\/li>\n<li>Chaque pays europ\u00e9en dispose de sa propre base de donn\u00e9es de production nationale compl\u00e8te qui fournit un cadre statistique commun pour l\u2019industrie europ\u00e9enne de la production bovine.<\/li>\n<\/ul>\n<p>[\/vc_column_text][vc_separator type=\u00a0\u00bbtransparent\u00a0\u00bb up=\u00a0\u00bb60&Prime; down=\u00a0\u00bb0&Prime;]<a  itemprop=\"url\" href=\"\/fr\/engagements\/\" target=\"_self\"  class=\"qbutton  enlarge\" style=\"\">D\u00e9couvrez nos engagements<\/a>[vc_separator type=\u00a0\u00bbtransparent\u00a0\u00bb up=\u00a0\u00bb50&Prime; down=\u00a0\u00bb0&Prime;][\/vc_column][\/vc_row][vc_row css_animation=\u00a0\u00bb\u00a0\u00bb row_type=\u00a0\u00bbrow\u00a0\u00bb use_row_as_full_screen_section=\u00a0\u00bbno\u00a0\u00bb type=\u00a0\u00bbgrid\u00a0\u00bb angled_section=\u00a0\u00bbno\u00a0\u00bb text_align=\u00a0\u00bbcenter\u00a0\u00bb background_image_as_pattern=\u00a0\u00bbwithout_pattern\u00a0\u00bb z_index=\u00a0\u00bb\u00a0\u00bb][vc_column width=\u00a0\u00bb1\/4&Prime;][\/vc_column][vc_column width=\u00a0\u00bb2\/4&Prime;][vc_separator type=\u00a0\u00bbtransparent\u00a0\u00bb up=\u00a0\u00bb50&Prime; down=\u00a0\u00bb0&Prime;][vc_column_text]<\/p>\n<h2>\u00c0 propos de nous<\/h2>\n<p>[\/vc_column_text][vc_separator type=\u00a0\u00bbsmall\u00a0\u00bb position=\u00a0\u00bbcenter\u00a0\u00bb][vc_column_text]<\/p>\n<h4>Voyez comment la campagne \u00ab Veau de tradition europ\u00e9enne \u00bb vise \u00e0 faire conna\u00eetre le veau europ\u00e9en aux consommateurs de viande des \u00c9tats-Unis et du Canada.<\/h4>\n<p>N\u2019h\u00e9sitez pas \u00e0 nous contacter si vous avez des questions ou si vous souhaitez discuter des raisons pour lesquelles les attraits continentaux du veau europ\u00e9en repr\u00e9sentent un ajout de haute qualit\u00e9, salubre et irr\u00e9sistible \u00e0 votre menu ou \u00e0 votre comptoir \u00e0 viande.[\/vc_column_text][vc_separator type=\u00a0\u00bbtransparent\u00a0\u00bb up=\u00a0\u00bb50&Prime; down=\u00a0\u00bb0&Prime;]<a  itemprop=\"url\" href=\"fr\/nous-contacter\/\" target=\"_self\"  class=\"qbutton  default\" style=\"\">Contacter Veau de tradition europ\u00e9enne<\/a>[vc_separator type=\u00a0\u00bbtransparent\u00a0\u00bb up=\u00a0\u00bb50&Prime; down=\u00a0\u00bb0&Prime;][\/vc_column][vc_column width=\u00a0\u00bb1\/4&Prime;][\/vc_column][\/vc_row]<\/p>\n<\/div>","protected":false},"excerpt":{"rendered":"<p>[vc_row css_animation=\u00a0\u00bb\u00a0\u00bb row_type=\u00a0\u00bbrow\u00a0\u00bb use_row_as_full_screen_section=\u00a0\u00bbno\u00a0\u00bb type=\u00a0\u00bbgrid\u00a0\u00bb angled_section=\u00a0\u00bbno\u00a0\u00bb text_align=\u00a0\u00bbcenter\u00a0\u00bb background_image_as_pattern=\u00a0\u00bbwithout_pattern\u00a0\u00bb css=\u00a0\u00bb.vc_custom_1457099274263{padding-top: 91px !important;padding-bottom: 40px !important;}\u00a0\u00bb][vc_column offset=\u00a0\u00bbvc_col-lg-offset-0 vc_col-lg-6 vc_col-md-offset-2 vc_col-md-8 vc_col-sm-offset-0&Prime;][vc_column_text] Tra\u00e7abilit\u00e9 [\/vc_column_text][vc_separator type=\u00a0\u00bbsmall\u00a0\u00bb position=\u00a0\u00bbcenter\u00a0\u00bb][vc_raw_html el_class=\u00a0\u00bbmobile_only\u00a0\u00bb]JTNDZGl2JTIwY2xhc3MlM0QlMjJxb2RlX3ZpZGVvX2JveCUyMiUzRSUwQSUwOSUzQ2ElMjBpdGVtcHJvcCUzRCUyMmltYWdlJTIyJTIwY2xhc3MlM0QlMjJxb2RlX3ZpZGVvX2ltYWdlJTIyJTIwaHJlZiUzRCUyMmh0dHBzJTNBJTJGJTJGdmltZW8uY29tJTJGMzMxNTg2MjIwJTIyJTIwZGF0YS1yZWwlM0QlMjJwcmV0dHlQaG90byUyMiUyMHJlbCUzRCUyMnByZXR0eVBob3RvJTIyJTNFJTBBJTA5JTA5JTA5JTBBJTA5JTA5JTA5JTNDaW1nJTIwc3JjJTNEJTIyJTJGd3AtY29udGVudCUyRnVwbG9hZHMlMkYyMDE5JTJGMDQlMkZ0di1UcmFjYWJpbGl0ZS1GUi5qcGclMjIlM0UlMEElMDklMDklMDklM0NzcGFuJTIwY2xhc3MlM0QlMjJxb2RlX3ZpZGVvX2JveF9idXR0b25faG9sZGVyJTIyJTNFJTBBJTA5JTA5JTA5JTA5JTNDc3BhbiUyMGNsYXNzJTNEJTIycW9kZV92aWRlb19ib3hfYnV0dG9uJTIyJTNFJTBBJTA5JTA5JTA5JTA5JTA5JTNDc3BhbiUyMGNsYXNzJTNEJTIycW9kZV92aWRlb19ib3hfYnV0dG9uX2Fycm93JTIyJTNFJTBBJTA5JTA5JTA5JTA5JTA5JTNDJTJGc3BhbiUzRSUwQSUwOSUwOSUwOSUwOSUzQyUyRnNwYW4lM0UlMEElMDklMDklMDklM0MlMkZzcGFuJTNFJTBBJTA5JTA5JTA5JTNDJTJGYSUzRSUwQSUzQyUyRmRpdiUzRQ==[\/vc_raw_html][vc_column_text] Pour garantir une confiance totale dans la salubrit\u00e9 alimentaire, nous employons des mesures strictes qui nous permettent de tracer nos produits de&#8230;<\/p>\n","protected":false},"author":3,"featured_media":0,"parent":521,"menu_order":0,"comment_status":"closed","ping_status":"closed","template":"full_width.php","meta":{"footnotes":""},"class_list":["post-524","page","type-page","status-publish","hentry"],"yoast_head":"<!-- This site is optimized with the Yoast SEO plugin v24.4 - https:\/\/yoast.com\/wordpress\/plugins\/seo\/ -->\n<title>S\u00e9curit\u00e9 - Veau de tradition europ\u00e9enne<\/title>\n<meta name=\"robots\" content=\"index, follow, max-snippet:-1, max-image-preview:large, max-video-preview:-1\" \/>\n<link rel=\"canonical\" href=\"https:\/\/trustedveal.com\/fr\/engagements\/securite\/\" \/>\n<meta property=\"og:locale\" content=\"fr_FR\" \/>\n<meta property=\"og:type\" content=\"article\" \/>\n<meta property=\"og:title\" content=\"S\u00e9curit\u00e9 - Veau de tradition europ\u00e9enne\" \/>\n<meta property=\"og:description\" content=\"[vc_row css_animation=\u00a0\u00bb\u00a0\u00bb row_type=\u00a0\u00bbrow\u00a0\u00bb use_row_as_full_screen_section=\u00a0\u00bbno\u00a0\u00bb type=\u00a0\u00bbgrid\u00a0\u00bb angled_section=\u00a0\u00bbno\u00a0\u00bb text_align=\u00a0\u00bbcenter\u00a0\u00bb background_image_as_pattern=\u00a0\u00bbwithout_pattern\u00a0\u00bb css=\u00a0\u00bb.vc_custom_1457099274263{padding-top: 91px !important;padding-bottom: 40px !important;}\u00a0\u00bb][vc_column offset=\u00a0\u00bbvc_col-lg-offset-0 vc_col-lg-6 vc_col-md-offset-2 vc_col-md-8 vc_col-sm-offset-0&Prime;][vc_column_text] Tra\u00e7abilit\u00e9 [\/vc_column_text][vc_separator type=\u00a0\u00bbsmall\u00a0\u00bb position=\u00a0\u00bbcenter\u00a0\u00bb][vc_raw_html el_class=\u00a0\u00bbmobile_only\u00a0\u00bb]JTNDZGl2JTIwY2xhc3MlM0QlMjJxb2RlX3ZpZGVvX2JveCUyMiUzRSUwQSUwOSUzQ2ElMjBpdGVtcHJvcCUzRCUyMmltYWdlJTIyJTIwY2xhc3MlM0QlMjJxb2RlX3ZpZGVvX2ltYWdlJTIyJTIwaHJlZiUzRCUyMmh0dHBzJTNBJTJGJTJGdmltZW8uY29tJTJGMzMxNTg2MjIwJTIyJTIwZGF0YS1yZWwlM0QlMjJwcmV0dHlQaG90byUyMiUyMHJlbCUzRCUyMnByZXR0eVBob3RvJTIyJTNFJTBBJTA5JTA5JTA5JTBBJTA5JTA5JTA5JTNDaW1nJTIwc3JjJTNEJTIyJTJGd3AtY29udGVudCUyRnVwbG9hZHMlMkYyMDE5JTJGMDQlMkZ0di1UcmFjYWJpbGl0ZS1GUi5qcGclMjIlM0UlMEElMDklMDklMDklM0NzcGFuJTIwY2xhc3MlM0QlMjJxb2RlX3ZpZGVvX2JveF9idXR0b25faG9sZGVyJTIyJTNFJTBBJTA5JTA5JTA5JTA5JTNDc3BhbiUyMGNsYXNzJTNEJTIycW9kZV92aWRlb19ib3hfYnV0dG9uJTIyJTNFJTBBJTA5JTA5JTA5JTA5JTA5JTNDc3BhbiUyMGNsYXNzJTNEJTIycW9kZV92aWRlb19ib3hfYnV0dG9uX2Fycm93JTIyJTNFJTBBJTA5JTA5JTA5JTA5JTA5JTNDJTJGc3BhbiUzRSUwQSUwOSUwOSUwOSUwOSUzQyUyRnNwYW4lM0UlMEElMDklMDklMDklM0MlMkZzcGFuJTNFJTBBJTA5JTA5JTA5JTNDJTJGYSUzRSUwQSUzQyUyRmRpdiUzRQ==[\/vc_raw_html][vc_column_text] Pour garantir une confiance totale dans la salubrit\u00e9 alimentaire, nous employons des mesures strictes qui nous permettent de tracer nos produits de...\" \/>\n<meta property=\"og:url\" content=\"https:\/\/trustedveal.com\/fr\/engagements\/securite\/\" \/>\n<meta property=\"og:site_name\" content=\"Veau de tradition europ\u00e9enne\" \/>\n<meta property=\"article:modified_time\" content=\"2022-12-14T21:36:00+00:00\" \/>\n<meta name=\"twitter:card\" content=\"summary_large_image\" \/>\n<meta name=\"twitter:label1\" content=\"Dur\u00e9e de lecture estim\u00e9e\" \/>\n\t<meta name=\"twitter:data1\" content=\"2 minutes\" \/>\n<script type=\"application\/ld+json\" class=\"yoast-schema-graph\">{\"@context\":\"https:\/\/schema.org\",\"@graph\":[{\"@type\":\"WebPage\",\"@id\":\"https:\/\/trustedveal.com\/fr\/engagements\/securite\/\",\"url\":\"https:\/\/trustedveal.com\/fr\/engagements\/securite\/\",\"name\":\"S\u00e9curit\u00e9 - Veau de tradition europ\u00e9enne\",\"isPartOf\":{\"@id\":\"https:\/\/trustedveal.com\/fr\/#website\"},\"datePublished\":\"2018-04-12T18:14:48+00:00\",\"dateModified\":\"2022-12-14T21:36:00+00:00\",\"breadcrumb\":{\"@id\":\"https:\/\/trustedveal.com\/fr\/engagements\/securite\/#breadcrumb\"},\"inLanguage\":\"fr-FR\",\"potentialAction\":[{\"@type\":\"ReadAction\",\"target\":[\"https:\/\/trustedveal.com\/fr\/engagements\/securite\/\"]}]},{\"@type\":\"BreadcrumbList\",\"@id\":\"https:\/\/trustedveal.com\/fr\/engagements\/securite\/#breadcrumb\",\"itemListElement\":[{\"@type\":\"ListItem\",\"position\":1,\"name\":\"Home\",\"item\":\"https:\/\/trustedveal.com\/fr\/\"},{\"@type\":\"ListItem\",\"position\":2,\"name\":\"Engagements\",\"item\":\"https:\/\/trustedveal.com\/fr\/engagements\/\"},{\"@type\":\"ListItem\",\"position\":3,\"name\":\"S\u00e9curit\u00e9\"}]},{\"@type\":\"WebSite\",\"@id\":\"https:\/\/trustedveal.com\/fr\/#website\",\"url\":\"https:\/\/trustedveal.com\/fr\/\",\"name\":\"Veau de tradition europ\u00e9enne\",\"description\":\"Saveurs de Hollande\",\"potentialAction\":[{\"@type\":\"SearchAction\",\"target\":{\"@type\":\"EntryPoint\",\"urlTemplate\":\"https:\/\/trustedveal.com\/fr\/?s={search_term_string}\"},\"query-input\":{\"@type\":\"PropertyValueSpecification\",\"valueRequired\":true,\"valueName\":\"search_term_string\"}}],\"inLanguage\":\"fr-FR\"}]}<\/script>\n<!-- \/ Yoast SEO plugin. -->","yoast_head_json":{"title":"S\u00e9curit\u00e9 - Veau de tradition europ\u00e9enne","robots":{"index":"index","follow":"follow","max-snippet":"max-snippet:-1","max-image-preview":"max-image-preview:large","max-video-preview":"max-video-preview:-1"},"canonical":"https:\/\/trustedveal.com\/fr\/engagements\/securite\/","og_locale":"fr_FR","og_type":"article","og_title":"S\u00e9curit\u00e9 - Veau de tradition europ\u00e9enne","og_description":"[vc_row css_animation=\u00a0\u00bb\u00a0\u00bb row_type=\u00a0\u00bbrow\u00a0\u00bb use_row_as_full_screen_section=\u00a0\u00bbno\u00a0\u00bb type=\u00a0\u00bbgrid\u00a0\u00bb angled_section=\u00a0\u00bbno\u00a0\u00bb text_align=\u00a0\u00bbcenter\u00a0\u00bb background_image_as_pattern=\u00a0\u00bbwithout_pattern\u00a0\u00bb css=\u00a0\u00bb.vc_custom_1457099274263{padding-top: 91px !important;padding-bottom: 40px !important;}\u00a0\u00bb][vc_column offset=\u00a0\u00bbvc_col-lg-offset-0 vc_col-lg-6 vc_col-md-offset-2 vc_col-md-8 vc_col-sm-offset-0&Prime;][vc_column_text] Tra\u00e7abilit\u00e9 [\/vc_column_text][vc_separator type=\u00a0\u00bbsmall\u00a0\u00bb position=\u00a0\u00bbcenter\u00a0\u00bb][vc_raw_html el_class=\u00a0\u00bbmobile_only\u00a0\u00bb]JTNDZGl2JTIwY2xhc3MlM0QlMjJxb2RlX3ZpZGVvX2JveCUyMiUzRSUwQSUwOSUzQ2ElMjBpdGVtcHJvcCUzRCUyMmltYWdlJTIyJTIwY2xhc3MlM0QlMjJxb2RlX3ZpZGVvX2ltYWdlJTIyJTIwaHJlZiUzRCUyMmh0dHBzJTNBJTJGJTJGdmltZW8uY29tJTJGMzMxNTg2MjIwJTIyJTIwZGF0YS1yZWwlM0QlMjJwcmV0dHlQaG90byUyMiUyMHJlbCUzRCUyMnByZXR0eVBob3RvJTIyJTNFJTBBJTA5JTA5JTA5JTBBJTA5JTA5JTA5JTNDaW1nJTIwc3JjJTNEJTIyJTJGd3AtY29udGVudCUyRnVwbG9hZHMlMkYyMDE5JTJGMDQlMkZ0di1UcmFjYWJpbGl0ZS1GUi5qcGclMjIlM0UlMEElMDklMDklMDklM0NzcGFuJTIwY2xhc3MlM0QlMjJxb2RlX3ZpZGVvX2JveF9idXR0b25faG9sZGVyJTIyJTNFJTBBJTA5JTA5JTA5JTA5JTNDc3BhbiUyMGNsYXNzJTNEJTIycW9kZV92aWRlb19ib3hfYnV0dG9uJTIyJTNFJTBBJTA5JTA5JTA5JTA5JTA5JTNDc3BhbiUyMGNsYXNzJTNEJTIycW9kZV92aWRlb19ib3hfYnV0dG9uX2Fycm93JTIyJTNFJTBBJTA5JTA5JTA5JTA5JTA5JTNDJTJGc3BhbiUzRSUwQSUwOSUwOSUwOSUwOSUzQyUyRnNwYW4lM0UlMEElMDklMDklMDklM0MlMkZzcGFuJTNFJTBBJTA5JTA5JTA5JTNDJTJGYSUzRSUwQSUzQyUyRmRpdiUzRQ==[\/vc_raw_html][vc_column_text] Pour garantir une confiance totale dans la salubrit\u00e9 alimentaire, nous employons des mesures strictes qui nous permettent de tracer nos produits de...","og_url":"https:\/\/trustedveal.com\/fr\/engagements\/securite\/","og_site_name":"Veau de tradition europ\u00e9enne","article_modified_time":"2022-12-14T21:36:00+00:00","twitter_card":"summary_large_image","twitter_misc":{"Dur\u00e9e de lecture estim\u00e9e":"2 minutes"},"schema":{"@context":"https:\/\/schema.org","@graph":[{"@type":"WebPage","@id":"https:\/\/trustedveal.com\/fr\/engagements\/securite\/","url":"https:\/\/trustedveal.com\/fr\/engagements\/securite\/","name":"S\u00e9curit\u00e9 - Veau de tradition europ\u00e9enne","isPartOf":{"@id":"https:\/\/trustedveal.com\/fr\/#website"},"datePublished":"2018-04-12T18:14:48+00:00","dateModified":"2022-12-14T21:36:00+00:00","breadcrumb":{"@id":"https:\/\/trustedveal.com\/fr\/engagements\/securite\/#breadcrumb"},"inLanguage":"fr-FR","potentialAction":[{"@type":"ReadAction","target":["https:\/\/trustedveal.com\/fr\/engagements\/securite\/"]}]},{"@type":"BreadcrumbList","@id":"https:\/\/trustedveal.com\/fr\/engagements\/securite\/#breadcrumb","itemListElement":[{"@type":"ListItem","position":1,"name":"Home","item":"https:\/\/trustedveal.com\/fr\/"},{"@type":"ListItem","position":2,"name":"Engagements","item":"https:\/\/trustedveal.com\/fr\/engagements\/"},{"@type":"ListItem","position":3,"name":"S\u00e9curit\u00e9"}]},{"@type":"WebSite","@id":"https:\/\/trustedveal.com\/fr\/#website","url":"https:\/\/trustedveal.com\/fr\/","name":"Veau de tradition europ\u00e9enne","description":"Saveurs de Hollande","potentialAction":[{"@type":"SearchAction","target":{"@type":"EntryPoint","urlTemplate":"https:\/\/trustedveal.com\/fr\/?s={search_term_string}"},"query-input":{"@type":"PropertyValueSpecification","valueRequired":true,"valueName":"search_term_string"}}],"inLanguage":"fr-FR"}]}},"_links":{"self":[{"href":"https:\/\/trustedveal.com\/fr\/wp-json\/wp\/v2\/pages\/524","targetHints":{"allow":["GET"]}}],"collection":[{"href":"https:\/\/trustedveal.com\/fr\/wp-json\/wp\/v2\/pages"}],"about":[{"href":"https:\/\/trustedveal.com\/fr\/wp-json\/wp\/v2\/types\/page"}],"author":[{"embeddable":true,"href":"https:\/\/trustedveal.com\/fr\/wp-json\/wp\/v2\/users\/3"}],"replies":[{"embeddable":true,"href":"https:\/\/trustedveal.com\/fr\/wp-json\/wp\/v2\/comments?post=524"}],"version-history":[{"count":0,"href":"https:\/\/trustedveal.com\/fr\/wp-json\/wp\/v2\/pages\/524\/revisions"}],"up":[{"embeddable":true,"href":"https:\/\/trustedveal.com\/fr\/wp-json\/wp\/v2\/pages\/521"}],"wp:attachment":[{"href":"https:\/\/trustedveal.com\/fr\/wp-json\/wp\/v2\/media?parent=524"}],"curies":[{"name":"wp","href":"https:\/\/api.w.org\/{rel}","templated":true}]}}